{"id":15778,"date":"2021-04-28T17:36:58","date_gmt":"2021-04-28T15:36:58","guid":{"rendered":"https:\/\/desiresankara.com\/musique\/?page_id=15778"},"modified":"2023-11-07T12:21:24","modified_gmt":"2023-11-07T11:21:24","slug":"videos","status":"publish","type":"page","link":"https:\/\/desiresankara.com\/musique\/videos\/","title":{"rendered":"Vid\u00e9os"},"content":{"rendered":"<p>[vc_row heading_color=\u00a0\u00bblight\u00a0\u00bb bg_type=\u00a0\u00bbgradient\u00a0\u00bb bg_gradient_color_1=\u00a0\u00bb#000000&Prime; bg_gradient_color_2=\u00a0\u00bb#400501&Prime; bg_gradient_direction=\u00a0\u00bb180&Prime; padding_top_multiplier=\u00a0\u00bb\u00a0\u00bb padding_bottom_multiplier=\u00a0\u00bb\u00a0\u00bb font_color=\u00a0\u00bb#ffffff\u00a0\u00bb][vc_column width=\u00a0\u00bb1\/6&Prime;][\/vc_column][vc_column width=\u00a0\u00bb2\/3&Prime;]<div class=\"grve-empty-space grve-height-6x\" style=\"\"><\/div><h1 class=\"grve-element grve-title grve-align-center grve-h1\" style=\"\"><span>Vid\u00e9os<\/span><\/h1><div class=\"grve-empty-space grve-height-1x\" style=\"\"><\/div><div class=\"grve-element grve-video\" style=\"\"><iframe loading=\"lazy\" title=\"Kudumd\u00e9\" width=\"1080\" height=\"608\" src=\"https:\/\/www.youtube.com\/embed\/Ss-soQo3SN0?feature=oembed\" frameborder=\"0\" allow=\"accelerometer; autoplay; clipboard-write; encrypted-media; gyroscope; picture-in-picture\" allowfullscreen><\/iframe><\/div><div class=\"grve-empty-space grve-height-1x\" style=\"\"><\/div><div class=\"grve-element grve-video\" style=\"\"><iframe loading=\"lazy\" title=\"Saaga\" width=\"1080\" height=\"608\" src=\"https:\/\/www.youtube.com\/embed\/ArfI2YamqQ8?feature=oembed\" frameborder=\"0\" allow=\"accelerometer; autoplay; clipboard-write; encrypted-media; gyroscope; picture-in-picture\" allowfullscreen><\/iframe><\/div><div class=\"grve-empty-space grve-height-1x\" style=\"\"><\/div><div class=\"grve-element grve-video\" style=\"\"><iframe loading=\"lazy\" title=\"D\u00e9sir\u00e9 SANKARA - &quot;Ouagadougou&quot;\" width=\"1080\" height=\"608\" src=\"https:\/\/www.youtube.com\/embed\/RbxHEqgmoAk?start=12&feature=oembed\" frameborder=\"0\" allow=\"accelerometer; autoplay; clipboard-write; encrypted-media; gyroscope; picture-in-picture\" allowfullscreen><\/iframe><\/div><div class=\"grve-empty-space grve-height-1x\" style=\"\"><\/div><div class=\"grve-empty-space grve-height-1x\" style=\"\"><\/div>[\/vc_column][vc_column width=\u00a0\u00bb1\/6&Prime;][\/vc_column][\/vc_row]<\/p>\n","protected":false},"excerpt":{"rendered":"<p>[vc_row heading_color=\u00a0\u00bblight\u00a0\u00bb bg_type=\u00a0\u00bbgradient\u00a0\u00bb bg_gradient_color_1=\u00a0\u00bb#000000&Prime; bg_gradient_color_2=\u00a0\u00bb#400501&Prime; bg_gradient_direction=\u00a0\u00bb180&Prime; padding_top_multiplier=\u00a0\u00bb\u00a0\u00bb padding_bottom_multiplier=\u00a0\u00bb\u00a0\u00bb font_color=\u00a0\u00bb#ffffff\u00a0\u00bb][vc_column width=\u00a0\u00bb1\/6&Prime;][\/vc_column][vc_column width=\u00a0\u00bb2\/3&Prime;][\/vc_column][vc_column width=\u00a0\u00bb1\/6&Prime;][\/vc_column][\/vc_row]<\/p>\n","protected":false},"author":1,"featured_media":0,"parent":0,"menu_order":0,"comment_status":"closed","ping_status":"closed","template":"","meta":{"footnotes":""},"class_list":["post-15778","page","type-page","status-publish","hentry"],"yoast_head":"<!-- This site is optimized with the Yoast SEO plugin v27.3 - https:\/\/yoast.com\/product\/yoast-seo-wordpress\/ -->\n<title>D\u00e9sir\u00e9 Sankara - Vid\u00e9os<\/title>\n<meta name=\"description\" content=\"D\u00e9sir\u00e9 Sankara, musique africaine burkunab\u00e8, guitare et chant, derni\u00e8res vid\u00e9os : Kudumde - Saaga - Ouagadougou.\" \/>\n<meta name=\"robots\" content=\"index, follow, max-snippet:-1, max-image-preview:large, max-video-preview:-1\" \/>\n<link rel=\"canonical\" href=\"https:\/\/desiresankara.com\/musique\/videos\/\" \/>\n<meta property=\"og:locale\" content=\"fr_FR\" \/>\n<meta property=\"og:type\" content=\"article\" \/>\n<meta property=\"og:title\" content=\"D\u00e9sir\u00e9 Sankara - Vid\u00e9os\" \/>\n<meta property=\"og:description\" content=\"D\u00e9sir\u00e9 Sankara, musique africaine burkunab\u00e8, guitare et chant, derni\u00e8res vid\u00e9os : Kudumde - Saaga - Ouagadougou.\" \/>\n<meta property=\"og:url\" content=\"https:\/\/desiresankara.com\/musique\/videos\/\" \/>\n<meta property=\"og:site_name\" content=\"D\u00e9sir\u00e9 Sankara\" \/>\n<meta property=\"article:modified_time\" content=\"2023-11-07T11:21:24+00:00\" \/>\n<meta name=\"twitter:card\" content=\"summary_large_image\" \/>\n<meta name=\"twitter:label1\" content=\"Dur\u00e9e de lecture estim\u00e9e\" \/>\n\t<meta name=\"twitter:data1\" content=\"1 minute\" \/>\n<script type=\"application\/ld+json\" class=\"yoast-schema-graph\">{\"@context\":\"https:\\\/\\\/schema.org\",\"@graph\":[{\"@type\":\"WebPage\",\"@id\":\"https:\\\/\\\/desiresankara.com\\\/musique\\\/videos\\\/\",\"url\":\"https:\\\/\\\/desiresankara.com\\\/musique\\\/videos\\\/\",\"name\":\"D\u00e9sir\u00e9 Sankara - Vid\u00e9os\",\"isPartOf\":{\"@id\":\"https:\\\/\\\/desiresankara.com\\\/musique\\\/#website\"},\"datePublished\":\"2021-04-28T15:36:58+00:00\",\"dateModified\":\"2023-11-07T11:21:24+00:00\",\"description\":\"D\u00e9sir\u00e9 Sankara, musique africaine burkunab\u00e8, guitare et chant, derni\u00e8res vid\u00e9os : Kudumde - Saaga - Ouagadougou.\",\"breadcrumb\":{\"@id\":\"https:\\\/\\\/desiresankara.com\\\/musique\\\/videos\\\/#breadcrumb\"},\"inLanguage\":\"fr-FR\",\"potentialAction\":[{\"@type\":\"ReadAction\",\"target\":[\"https:\\\/\\\/desiresankara.com\\\/musique\\\/videos\\\/\"]}]},{\"@type\":\"BreadcrumbList\",\"@id\":\"https:\\\/\\\/desiresankara.com\\\/musique\\\/videos\\\/#breadcrumb\",\"itemListElement\":[{\"@type\":\"ListItem\",\"position\":1,\"name\":\"Accueil\",\"item\":\"https:\\\/\\\/desiresankara.com\\\/musique\\\/\"},{\"@type\":\"ListItem\",\"position\":2,\"name\":\"Vid\u00e9os\"}]},{\"@type\":\"WebSite\",\"@id\":\"https:\\\/\\\/desiresankara.com\\\/musique\\\/#website\",\"url\":\"https:\\\/\\\/desiresankara.com\\\/musique\\\/\",\"name\":\"D\u00e9sir\u00e9 Sankara\",\"description\":\"Musicien\",\"potentialAction\":[{\"@type\":\"SearchAction\",\"target\":{\"@type\":\"EntryPoint\",\"urlTemplate\":\"https:\\\/\\\/desiresankara.com\\\/musique\\\/?s={search_term_string}\"},\"query-input\":{\"@type\":\"PropertyValueSpecification\",\"valueRequired\":true,\"valueName\":\"search_term_string\"}}],\"inLanguage\":\"fr-FR\"}]}<\/script>\n<!-- \/ Yoast SEO plugin. -->","yoast_head_json":{"title":"D\u00e9sir\u00e9 Sankara - Vid\u00e9os","description":"D\u00e9sir\u00e9 Sankara, musique africaine burkunab\u00e8, guitare et chant, derni\u00e8res vid\u00e9os : Kudumde - Saaga - Ouagadougou.","robots":{"index":"index","follow":"follow","max-snippet":"max-snippet:-1","max-image-preview":"max-image-preview:large","max-video-preview":"max-video-preview:-1"},"canonical":"https:\/\/desiresankara.com\/musique\/videos\/","og_locale":"fr_FR","og_type":"article","og_title":"D\u00e9sir\u00e9 Sankara - Vid\u00e9os","og_description":"D\u00e9sir\u00e9 Sankara, musique africaine burkunab\u00e8, guitare et chant, derni\u00e8res vid\u00e9os : Kudumde - Saaga - Ouagadougou.","og_url":"https:\/\/desiresankara.com\/musique\/videos\/","og_site_name":"D\u00e9sir\u00e9 Sankara","article_modified_time":"2023-11-07T11:21:24+00:00","twitter_card":"summary_large_image","twitter_misc":{"Dur\u00e9e de lecture estim\u00e9e":"1 minute"},"schema":{"@context":"https:\/\/schema.org","@graph":[{"@type":"WebPage","@id":"https:\/\/desiresankara.com\/musique\/videos\/","url":"https:\/\/desiresankara.com\/musique\/videos\/","name":"D\u00e9sir\u00e9 Sankara - Vid\u00e9os","isPartOf":{"@id":"https:\/\/desiresankara.com\/musique\/#website"},"datePublished":"2021-04-28T15:36:58+00:00","dateModified":"2023-11-07T11:21:24+00:00","description":"D\u00e9sir\u00e9 Sankara, musique africaine burkunab\u00e8, guitare et chant, derni\u00e8res vid\u00e9os : Kudumde - Saaga - Ouagadougou.","breadcrumb":{"@id":"https:\/\/desiresankara.com\/musique\/videos\/#breadcrumb"},"inLanguage":"fr-FR","potentialAction":[{"@type":"ReadAction","target":["https:\/\/desiresankara.com\/musique\/videos\/"]}]},{"@type":"BreadcrumbList","@id":"https:\/\/desiresankara.com\/musique\/videos\/#breadcrumb","itemListElement":[{"@type":"ListItem","position":1,"name":"Accueil","item":"https:\/\/desiresankara.com\/musique\/"},{"@type":"ListItem","position":2,"name":"Vid\u00e9os"}]},{"@type":"WebSite","@id":"https:\/\/desiresankara.com\/musique\/#website","url":"https:\/\/desiresankara.com\/musique\/","name":"D\u00e9sir\u00e9 Sankara","description":"Musicien","potentialAction":[{"@type":"SearchAction","target":{"@type":"EntryPoint","urlTemplate":"https:\/\/desiresankara.com\/musique\/?s={search_term_string}"},"query-input":{"@type":"PropertyValueSpecification","valueRequired":true,"valueName":"search_term_string"}}],"inLanguage":"fr-FR"}]}},"_links":{"self":[{"href":"https:\/\/desiresankara.com\/musique\/wp-json\/wp\/v2\/pages\/15778","targetHints":{"allow":["GET"]}}],"collection":[{"href":"https:\/\/desiresankara.com\/musique\/wp-json\/wp\/v2\/pages"}],"about":[{"href":"https:\/\/desiresankara.com\/musique\/wp-json\/wp\/v2\/types\/page"}],"author":[{"embeddable":true,"href":"https:\/\/desiresankara.com\/musique\/wp-json\/wp\/v2\/users\/1"}],"replies":[{"embeddable":true,"href":"https:\/\/desiresankara.com\/musique\/wp-json\/wp\/v2\/comments?post=15778"}],"version-history":[{"count":1,"href":"https:\/\/desiresankara.com\/musique\/wp-json\/wp\/v2\/pages\/15778\/revisions"}],"predecessor-version":[{"id":16172,"href":"https:\/\/desiresankara.com\/musique\/wp-json\/wp\/v2\/pages\/15778\/revisions\/16172"}],"wp:attachment":[{"href":"https:\/\/desiresankara.com\/musique\/wp-json\/wp\/v2\/media?parent=15778"}],"curies":[{"name":"wp","href":"https:\/\/api.w.org\/{rel}","templated":true}]}}